{"id":3546,"date":"2024-04-02T16:59:16","date_gmt":"2024-04-02T14:59:16","guid":{"rendered":"https:\/\/www.excursionescolumbretes.com\/castellon\/"},"modified":"2024-05-02T15:41:50","modified_gmt":"2024-05-02T13:41:50","slug":"castellon","status":"publish","type":"page","link":"https:\/\/www.excursionescolumbretes.com\/en\/castellon\/","title":{"rendered":"Castell\u00f3n"},"content":{"rendered":"\t\t<div data-elementor-type=\"wp-page\" data-elementor-id=\"3546\" class=\"elementor elementor-3546\" data-elementor-post-type=\"page\">\n\t\t\t\t\t\t<section class=\"elementor-section elementor-top-section elementor-element elementor-element-6273639 titulo elementor-section-boxed elementor-section-height-default elementor-section-height-default\" data-id=\"6273639\" data-element_type=\"section\" data-settings=\"{&quot;background_background&quot;:&quot;classic&quot;}\">\n\t\t\t\t\t\t<div class=\"elementor-container elementor-column-gap-default\">\n\t\t\t\t\t<div class=\"elementor-column elementor-col-100 elementor-top-column elementor-element elementor-element-43497af3\" data-id=\"43497af3\" data-element_type=\"column\">\n\t\t\t<div class=\"elementor-widget-wrap elementor-element-populated\">\n\t\t\t\t\t\t<div class=\"elementor-element elementor-element-3f29ac6b elementor-widget elementor-widget-heading\" data-id=\"3f29ac6b\" data-element_type=\"widget\" data-widget_type=\"heading.default\">\n\t\t\t\t<div class=\"elementor-widget-container\">\n\t\t\t<style>\/*! elementor - v3.21.0 - 08-05-2024 *\/\n.elementor-heading-title{padding:0;margin:0;line-height:1}.elementor-widget-heading .elementor-heading-title[class*=elementor-size-]>a{color:inherit;font-size:inherit;line-height:inherit}.elementor-widget-heading .elementor-heading-title.elementor-size-small{font-size:15px}.elementor-widget-heading .elementor-heading-title.elementor-size-medium{font-size:19px}.elementor-widget-heading .elementor-heading-title.elementor-size-large{font-size:29px}.elementor-widget-heading .elementor-heading-title.elementor-size-xl{font-size:39px}.elementor-widget-heading .elementor-heading-title.elementor-size-xxl{font-size:59px}<\/style><h1 class=\"elementor-heading-title elementor-size-default\">BOAT TRIPS TO COLUMBRETES ISLANDS FROM CASTELL\u00f3N\n<\/h1>\t\t<\/div>\n\t\t\t\t<\/div>\n\t\t\t\t\t<\/div>\n\t\t<\/div>\n\t\t\t\t\t<\/div>\n\t\t<\/section>\n\t\t\t\t<section class=\"elementor-section elementor-top-section elementor-element elementor-element-c210b99 elementor-section-boxed elementor-section-height-default elementor-section-height-default\" data-id=\"c210b99\" data-element_type=\"section\" data-settings=\"{&quot;background_background&quot;:&quot;classic&quot;}\">\n\t\t\t\t\t\t<div class=\"elementor-container elementor-column-gap-default\">\n\t\t\t\t\t<div class=\"elementor-column elementor-col-100 elementor-top-column elementor-element elementor-element-5cc7e58\" data-id=\"5cc7e58\" data-element_type=\"column\">\n\t\t\t<div class=\"elementor-widget-wrap elementor-element-populated\">\n\t\t\t\t\t\t<div class=\"elementor-element elementor-element-c51812b elementor-widget elementor-widget-heading\" data-id=\"c51812b\" data-element_type=\"widget\" data-widget_type=\"heading.default\">\n\t\t\t\t<div class=\"elementor-widget-container\">\n\t\t\t<h2 class=\"elementor-heading-title elementor-size-default\">COLUMBRETES ISLANDS EXCURSIONS FROM CASTELL\u00f3N\n<\/h2>\t\t<\/div>\n\t\t\t\t<\/div>\n\t\t\t\t<div class=\"elementor-element elementor-element-e27e70f elementor-widget elementor-widget-text-editor\" data-id=\"e27e70f\" data-element_type=\"widget\" data-widget_type=\"text-editor.default\">\n\t\t\t\t<div class=\"elementor-widget-container\">\n\t\t\t<style>\/*! elementor - v3.21.0 - 08-05-2024 *\/\n.elementor-widget-text-editor.elementor-drop-cap-view-stacked .elementor-drop-cap{background-color:#69727d;color:#fff}.elementor-widget-text-editor.elementor-drop-cap-view-framed .elementor-drop-cap{color:#69727d;border:3px solid;background-color:transparent}.elementor-widget-text-editor:not(.elementor-drop-cap-view-default) .elementor-drop-cap{margin-top:8px}.elementor-widget-text-editor:not(.elementor-drop-cap-view-default) .elementor-drop-cap-letter{width:1em;height:1em}.elementor-widget-text-editor .elementor-drop-cap{float:left;text-align:center;line-height:1;font-size:50px}.elementor-widget-text-editor .elementor-drop-cap-letter{display:inline-block}<\/style>\t\t\t\t<p>Embark on unforgettable <strong>excursions to the Columbretes Islands from Castell\u00f3n<\/strong> on various types of boats:<\/p><p>\u2013 <strong>Clavel I:<\/strong> Day trip Boat with over 70 seats<\/p><p>\u2013 <strong>Motorized Catamarans:<\/strong> Embark on an unforgettable journey to the Columbretes Islands aboard our fleet of three motorized catamarans, each accommodating a maximum of 12 passengers.<\/p><p>\u2013<strong>Sailing Boats<\/strong>: We have 2 sailboats that go to the <strong>Columbretes Islands from the port of Castell\u00f3n<\/strong>.<\/p><p>Our boats accommodate between 6 and 9 passengers. Overnight stays on the <strong>Columbretes Islands<\/strong> are available, and the entire boat must be rented.<\/p>\t\t\t\t\t\t<\/div>\n\t\t\t\t<\/div>\n\t\t\t\t\t<\/div>\n\t\t<\/div>\n\t\t\t\t\t<\/div>\n\t\t<\/section>\n\t\t\t\t<section class=\"elementor-section elementor-top-section elementor-element elementor-element-be4d151 elementor-section-content-middle elementor-section-boxed elementor-section-height-default elementor-section-height-default\" data-id=\"be4d151\" data-element_type=\"section\">\n\t\t\t\t\t\t<div class=\"elementor-container elementor-column-gap-no\">\n\t\t\t\t\t<div class=\"elementor-column elementor-col-100 elementor-top-column elementor-element elementor-element-38f436e\" data-id=\"38f436e\" data-element_type=\"column\" data-settings=\"{&quot;background_background&quot;:&quot;classic&quot;}\">\n\t\t\t<div class=\"elementor-widget-wrap elementor-element-populated\">\n\t\t\t\t\t\t<div class=\"elementor-element elementor-element-827003d elementor-grid-2 elementor-posts--align-center elementor-grid-mobile-2 elementor-grid-tablet-2 elementor-posts--thumbnail-top elementor-widget elementor-widget-posts\" data-id=\"827003d\" data-element_type=\"widget\" data-settings=\"{&quot;classic_columns&quot;:&quot;2&quot;,&quot;classic_row_gap&quot;:{&quot;unit&quot;:&quot;px&quot;,&quot;size&quot;:0,&quot;sizes&quot;:[]},&quot;classic_columns_mobile&quot;:&quot;2&quot;,&quot;classic_row_gap_tablet&quot;:{&quot;unit&quot;:&quot;px&quot;,&quot;size&quot;:30,&quot;sizes&quot;:[]},&quot;classic_row_gap_mobile&quot;:{&quot;unit&quot;:&quot;px&quot;,&quot;size&quot;:20,&quot;sizes&quot;:[]},&quot;classic_columns_tablet&quot;:&quot;2&quot;}\" data-widget_type=\"posts.classic\">\n\t\t\t\t<div class=\"elementor-widget-container\">\n\t\t\t<link rel=\"stylesheet\" href=\"https:\/\/www.excursionescolumbretes.com\/wp-content\/plugins\/elementor-pro\/assets\/css\/widget-posts.min.css\">\t\t<div class=\"elementor-posts-container elementor-posts elementor-posts--skin-classic elementor-grid\">\n\t\t\t\t<article class=\"elementor-post elementor-grid-item post-3788 barcos type-barcos status-publish has-post-thumbnail hentry ciudades-castellon-2 tipos-english tipos-golondrina-en tipos-motor-en tipos-snorkel-en tipos-visita-isla-en\">\n\t\t\t\t<a class=\"elementor-post__thumbnail__link\" href=\"https:\/\/www.excursionescolumbretes.com\/en\/barcos\/golondrina-clavel-i-castellon\/\" tabindex=\"-1\" >\n\t\t\t<div class=\"elementor-post__thumbnail\"><img fetchpriority=\"high\" decoding=\"async\" width=\"960\" height=\"720\" src=\"https:\/\/www.excursionescolumbretes.com\/wp-content\/uploads\/2024\/04\/golondrina-clavel1-castellon.jpg\" class=\"attachment-full size-full wp-image-3460\" alt=\"\" srcset=\"https:\/\/www.excursionescolumbretes.com\/wp-content\/uploads\/2024\/04\/golondrina-clavel1-castellon.jpg 960w, https:\/\/www.excursionescolumbretes.com\/wp-content\/uploads\/2024\/04\/golondrina-clavel1-castellon-300x225.jpg 300w, https:\/\/www.excursionescolumbretes.com\/wp-content\/uploads\/2024\/04\/golondrina-clavel1-castellon-768x576.jpg 768w\" sizes=\"(max-width: 960px) 100vw, 960px\" \/><\/div>\n\t\t<\/a>\n\t\t\t\t<div class=\"elementor-post__text\">\n\t\t\t\t<h3 class=\"elementor-post__title\">\n\t\t\t<a href=\"https:\/\/www.excursionescolumbretes.com\/en\/barcos\/golondrina-clavel-i-castellon\/\" >\n\t\t\t\tGolondrina Clavel I Castellon\t\t\t<\/a>\n\t\t<\/h3>\n\t\t\t\t<\/div>\n\t\t\t\t<\/article>\n\t\t\t\t<article class=\"elementor-post elementor-grid-item post-3779 barcos type-barcos status-publish has-post-thumbnail hentry ciudades-castellon-2 tipos-english tipos-motor-en tipos-snorkel-en tipos-visita-isla-en\">\n\t\t\t\t<a class=\"elementor-post__thumbnail__link\" href=\"https:\/\/www.excursionescolumbretes.com\/en\/barcos\/catamaran-casamar-ii-castellon\/\" tabindex=\"-1\" >\n\t\t\t<div class=\"elementor-post__thumbnail\"><img decoding=\"async\" width=\"900\" height=\"675\" src=\"https:\/\/www.excursionescolumbretes.com\/wp-content\/uploads\/2024\/03\/catamaran-casamar2-castellon.jpg\" class=\"attachment-full size-full wp-image-3441\" alt=\"\" srcset=\"https:\/\/www.excursionescolumbretes.com\/wp-content\/uploads\/2024\/03\/catamaran-casamar2-castellon.jpg 900w, https:\/\/www.excursionescolumbretes.com\/wp-content\/uploads\/2024\/03\/catamaran-casamar2-castellon-300x225.jpg 300w, https:\/\/www.excursionescolumbretes.com\/wp-content\/uploads\/2024\/03\/catamaran-casamar2-castellon-768x576.jpg 768w\" sizes=\"(max-width: 900px) 100vw, 900px\" \/><\/div>\n\t\t<\/a>\n\t\t\t\t<div class=\"elementor-post__text\">\n\t\t\t\t<h3 class=\"elementor-post__title\">\n\t\t\t<a href=\"https:\/\/www.excursionescolumbretes.com\/en\/barcos\/catamaran-casamar-ii-castellon\/\" >\n\t\t\t\tCatamaran Casamar II Castell\u00f3n\t\t\t<\/a>\n\t\t<\/h3>\n\t\t\t\t<\/div>\n\t\t\t\t<\/article>\n\t\t\t\t<article class=\"elementor-post elementor-grid-item post-3745 barcos type-barcos status-publish has-post-thumbnail hentry ciudades-castellon-2 tipos-english tipos-golondrina-en tipos-motor-en tipos-snorkel-en tipos-visita-isla-en\">\n\t\t\t\t<a class=\"elementor-post__thumbnail__link\" href=\"https:\/\/www.excursionescolumbretes.com\/en\/barcos\/catamaran-balbina-castellon\/\" tabindex=\"-1\" >\n\t\t\t<div class=\"elementor-post__thumbnail\"><img decoding=\"async\" width=\"760\" height=\"570\" src=\"https:\/\/www.excursionescolumbretes.com\/wp-content\/uploads\/2024\/03\/catamaran-balbina-castellon.jpg\" class=\"attachment-full size-full wp-image-3440\" alt=\"\" srcset=\"https:\/\/www.excursionescolumbretes.com\/wp-content\/uploads\/2024\/03\/catamaran-balbina-castellon.jpg 760w, https:\/\/www.excursionescolumbretes.com\/wp-content\/uploads\/2024\/03\/catamaran-balbina-castellon-300x225.jpg 300w\" sizes=\"(max-width: 760px) 100vw, 760px\" \/><\/div>\n\t\t<\/a>\n\t\t\t\t<div class=\"elementor-post__text\">\n\t\t\t\t<h3 class=\"elementor-post__title\">\n\t\t\t<a href=\"https:\/\/www.excursionescolumbretes.com\/en\/barcos\/catamaran-balbina-castellon\/\" >\n\t\t\t\tCatamaran Balbina Castell\u00f3n\t\t\t<\/a>\n\t\t<\/h3>\n\t\t\t\t<\/div>\n\t\t\t\t<\/article>\n\t\t\t\t<article class=\"elementor-post elementor-grid-item post-3732 barcos type-barcos status-publish has-post-thumbnail hentry ciudades-castellon-2 tipos-english tipos-premium-en tipos-snorkel-en tipos-vela-en tipos-visita-isla-en\">\n\t\t\t\t<a class=\"elementor-post__thumbnail__link\" href=\"https:\/\/www.excursionescolumbretes.com\/en\/barcos\/sailboat-darkness-castellon\/\" tabindex=\"-1\" >\n\t\t\t<div class=\"elementor-post__thumbnail\"><img loading=\"lazy\" decoding=\"async\" width=\"960\" height=\"720\" src=\"https:\/\/www.excursionescolumbretes.com\/wp-content\/uploads\/2024\/03\/velero-darkness-castellon.jpg\" class=\"attachment-full size-full wp-image-3443\" alt=\"\" srcset=\"https:\/\/www.excursionescolumbretes.com\/wp-content\/uploads\/2024\/03\/velero-darkness-castellon.jpg 960w, https:\/\/www.excursionescolumbretes.com\/wp-content\/uploads\/2024\/03\/velero-darkness-castellon-300x225.jpg 300w, https:\/\/www.excursionescolumbretes.com\/wp-content\/uploads\/2024\/03\/velero-darkness-castellon-768x576.jpg 768w\" sizes=\"(max-width: 960px) 100vw, 960px\" \/><\/div>\n\t\t<\/a>\n\t\t\t\t<div class=\"elementor-post__text\">\n\t\t\t\t<h3 class=\"elementor-post__title\">\n\t\t\t<a href=\"https:\/\/www.excursionescolumbretes.com\/en\/barcos\/sailboat-darkness-castellon\/\" >\n\t\t\t\tSailboat Darkness Castell\u00f3n\t\t\t<\/a>\n\t\t<\/h3>\n\t\t\t\t<\/div>\n\t\t\t\t<\/article>\n\t\t\t\t<article class=\"elementor-post elementor-grid-item post-3718 barcos type-barcos status-publish has-post-thumbnail hentry ciudades-castellon-2 tipos-english tipos-snorkel-en tipos-vela-en tipos-visita-isla-en\">\n\t\t\t\t<a class=\"elementor-post__thumbnail__link\" href=\"https:\/\/www.excursionescolumbretes.com\/en\/barcos\/sailboat-tainais-castellon\/\" tabindex=\"-1\" >\n\t\t\t<div class=\"elementor-post__thumbnail\"><img loading=\"lazy\" decoding=\"async\" width=\"1024\" height=\"683\" src=\"https:\/\/www.excursionescolumbretes.com\/wp-content\/uploads\/2024\/03\/velero-tainais-castellon.jpg\" class=\"attachment-full size-full wp-image-3445\" alt=\"Velero Tainais Islas Columbretes Castell\u00f3n\" srcset=\"https:\/\/www.excursionescolumbretes.com\/wp-content\/uploads\/2024\/03\/velero-tainais-castellon.jpg 1024w, https:\/\/www.excursionescolumbretes.com\/wp-content\/uploads\/2024\/03\/velero-tainais-castellon-300x200.jpg 300w, https:\/\/www.excursionescolumbretes.com\/wp-content\/uploads\/2024\/03\/velero-tainais-castellon-768x512.jpg 768w\" sizes=\"(max-width: 1024px) 100vw, 1024px\" \/><\/div>\n\t\t<\/a>\n\t\t\t\t<div class=\"elementor-post__text\">\n\t\t\t\t<h3 class=\"elementor-post__title\">\n\t\t\t<a href=\"https:\/\/www.excursionescolumbretes.com\/en\/barcos\/sailboat-tainais-castellon\/\" >\n\t\t\t\tSailboat Tainais Castell\u00f3n\t\t\t<\/a>\n\t\t<\/h3>\n\t\t\t\t<\/div>\n\t\t\t\t<\/article>\n\t\t\t\t<\/div>\n\t\t\n\t\t\t\t<\/div>\n\t\t\t\t<\/div>\n\t\t\t\t\t<\/div>\n\t\t<\/div>\n\t\t\t\t\t<\/div>\n\t\t<\/section>\n\t\t\t\t<\/div>\n\t\t","protected":false},"excerpt":{"rendered":"<p>BOAT TRIPS TO COLUMBRETES ISLANDS FROM CASTELL\u00f3N COLUMBRETES ISLANDS EXCURSIONS FROM CASTELL\u00f3N Embark on unforgettable excursions to the Columbretes Islands from Castell\u00f3n on various types<\/p>\n","protected":false},"author":1,"featured_media":0,"parent":0,"menu_order":0,"comment_status":"open","ping_status":"closed","template":"elementor_header_footer","meta":{"footnotes":""},"class_list":["post-3546","page","type-page","status-publish","hentry"],"aioseo_notices":[],"_links":{"self":[{"href":"https:\/\/www.excursionescolumbretes.com\/en\/wp-json\/wp\/v2\/pages\/3546","targetHints":{"allow":["GET"]}}],"collection":[{"href":"https:\/\/www.excursionescolumbretes.com\/en\/wp-json\/wp\/v2\/pages"}],"about":[{"href":"https:\/\/www.excursionescolumbretes.com\/en\/wp-json\/wp\/v2\/types\/page"}],"author":[{"embeddable":true,"href":"https:\/\/www.excursionescolumbretes.com\/en\/wp-json\/wp\/v2\/users\/1"}],"replies":[{"embeddable":true,"href":"https:\/\/www.excursionescolumbretes.com\/en\/wp-json\/wp\/v2\/comments?post=3546"}],"version-history":[{"count":12,"href":"https:\/\/www.excursionescolumbretes.com\/en\/wp-json\/wp\/v2\/pages\/3546\/revisions"}],"predecessor-version":[{"id":3814,"href":"https:\/\/www.excursionescolumbretes.com\/en\/wp-json\/wp\/v2\/pages\/3546\/revisions\/3814"}],"wp:attachment":[{"href":"https:\/\/www.excursionescolumbretes.com\/en\/wp-json\/wp\/v2\/media?parent=3546"}],"curies":[{"name":"wp","href":"https:\/\/api.w.org\/{rel}","templated":true}]}}